{"id":717,"date":"2021-05-24T08:41:01","date_gmt":"2021-05-24T08:41:01","guid":{"rendered":"https:\/\/medinaforwardingmexico.com\/seo-services\/"},"modified":"2022-10-26T22:39:04","modified_gmt":"2022-10-26T22:39:04","slug":"blogs","status":"publish","type":"page","link":"https:\/\/medinaforwardingmexico.com\/en_us\/blogs\/","title":{"rendered":"Blog"},"content":{"rendered":"\t\t<div data-elementor-type=\"wp-page\" data-elementor-id=\"717\" class=\"elementor elementor-717\" data-elementor-settings=\"{&quot;ha_cmc_init_switcher&quot;:&quot;no&quot;}\" data-elementor-post-type=\"page\">\n\t\t\t\t\t\t<section class=\"elementor-section elementor-top-section elementor-element elementor-element-f58a55b elementor-section-boxed elementor-section-height-default elementor-section-height-default\" data-id=\"f58a55b\" data-element_type=\"section\" data-e-type=\"section\" data-settings=\"{&quot;background_background&quot;:&quot;slideshow&quot;,&quot;background_slideshow_gallery&quot;:[{&quot;id&quot;:1944,&quot;url&quot;:&quot;https:\\\/\\\/medinaforwardingmexico.com\\\/wp-content\\\/uploads\\\/2022\\\/10\\\/panoramica-scaled.jpg&quot;},{&quot;id&quot;:1943,&quot;url&quot;:&quot;https:\\\/\\\/medinaforwardingmexico.com\\\/wp-content\\\/uploads\\\/2022\\\/10\\\/Vista_aerea_1.jpg&quot;},{&quot;id&quot;:1942,&quot;url&quot;:&quot;https:\\\/\\\/medinaforwardingmexico.com\\\/wp-content\\\/uploads\\\/2022\\\/10\\\/Puerto3-1.jpg&quot;}],&quot;background_slideshow_slide_duration&quot;:8000,&quot;background_slideshow_transition_duration&quot;:2000,&quot;background_slideshow_ken_burns&quot;:&quot;yes&quot;,&quot;background_slideshow_loop&quot;:&quot;yes&quot;,&quot;background_slideshow_slide_transition&quot;:&quot;fade&quot;,&quot;background_slideshow_ken_burns_zoom_direction&quot;:&quot;in&quot;}\">\n\t\t\t\t\t\t\t<div class=\"elementor-background-overlay\"><\/div>\n\t\t\t\t\t\t\t<div class=\"elementor-container elementor-column-gap-no\">\n\t\t\t\t\t<div class=\"elementor-column elementor-col-100 elementor-top-column elementor-element elementor-element-ebdbf70\" data-id=\"ebdbf70\" data-element_type=\"column\" data-e-type=\"column\">\n\t\t\t<div class=\"elementor-widget-wrap elementor-element-populated\">\n\t\t\t\t\t\t<div class=\"elementor-element elementor-element-37e5d25 elementor-widget elementor-widget-heading\" data-id=\"37e5d25\" data-element_type=\"widget\" data-e-type=\"widget\" data-widget_type=\"heading.default\">\n\t\t\t\t<div class=\"elementor-widget-container\">\n\t\t\t\t\t<h2 class=\"elementor-heading-title elementor-size-default\">Blog<\/h2>\t\t\t\t<\/div>\n\t\t\t\t<\/div>\n\t\t\t\t<div class=\"elementor-element elementor-element-6a076d6 elementor-widget elementor-widget-heading\" data-id=\"6a076d6\" data-element_type=\"widget\" data-e-type=\"widget\" data-widget_type=\"heading.default\">\n\t\t\t\t<div class=\"elementor-widget-container\">\n\t\t\t\t\t<div class=\"elementor-heading-title elementor-size-default\"><a href=\"mailto:%20servicioalcliente@grupomedina.com.mx\">Le damos una cordial bienvenida al BLOG de Medina Forwarding M\u00e9xico S.C. esperamos mantener actualizada la informaci\u00f3n que sea importante para usted y su empresa. Por favor si tiene alg\u00fan comentario o duda por favor cont\u00e1ctenos v\u00eda mal a: servicioalcliente@grupomedina.com.mx<\/a><\/div>\t\t\t\t<\/div>\n\t\t\t\t<\/div>\n\t\t\t\t\t<\/div>\n\t\t<\/div>\n\t\t\t\t\t<\/div>\n\t\t<\/section>\n\t\t\t\t<section class=\"elementor-section elementor-top-section elementor-element elementor-element-d043d7a elementor-section-boxed elementor-section-height-default elementor-section-height-default\" data-id=\"d043d7a\" data-element_type=\"section\" data-e-type=\"section\" data-settings=\"{&quot;background_background&quot;:&quot;classic&quot;}\">\n\t\t\t\t\t\t<div class=\"elementor-container elementor-column-gap-no\">\n\t\t\t\t\t<div class=\"elementor-column elementor-col-100 elementor-top-column elementor-element elementor-element-47315be\" data-id=\"47315be\" data-element_type=\"column\" data-e-type=\"column\">\n\t\t\t<div class=\"elementor-widget-wrap elementor-element-populated\">\n\t\t\t\t\t\t<div class=\"elementor-element elementor-element-6cfd170 elementor-grid-3 elementor-grid-tablet-2 elementor-grid-mobile-1 elementor-posts--align-left elementor-invisible elementor-widget elementor-widget-blogmentor_blog_posts\" data-id=\"6cfd170\" data-element_type=\"widget\" data-e-type=\"widget\" data-settings=\"{&quot;post_card_row_gap&quot;:{&quot;unit&quot;:&quot;px&quot;,&quot;size&quot;:30,&quot;sizes&quot;:[]},&quot;_animation&quot;:&quot;bounceInDown&quot;,&quot;bm_grid_columns&quot;:&quot;3&quot;,&quot;bm_grid_columns_tablet&quot;:&quot;2&quot;,&quot;bm_grid_columns_mobile&quot;:&quot;1&quot;,&quot;post_card_grid_gap&quot;:{&quot;unit&quot;:&quot;px&quot;,&quot;size&quot;:10,&quot;sizes&quot;:[]}}\" data-widget_type=\"blogmentor_blog_posts.default\">\n\t\t\t\t<div class=\"elementor-widget-container\">\n\t\t\t\t\t\t\t\n\t\t\t\t\t\t\t\t<div class=\"bm-blog-posts-wrapper\" >\n\t\t\t\t\t\t\t<div class=\"bm-blog-posts bm-display-grid elementor-grid elementor-grid-3\" >\n\t\t\t\t    <article id=\"post-2217\" class=\"item bm_layout post-2217 post type-post status-publish format-standard has-post-thumbnail hentry category-uncategorized\">\n\t\t<div class=\"bm-blog-post-image entry-post-image\">\n\t\t\t<div class=\"bm-post-image clearfix bm-hover-effect bm-hover-effect-opacity\">\n\t\t\t\t<img fetchpriority=\"high\" decoding=\"async\" width=\"990\" height=\"558\" src=\"https:\/\/medinaforwardingmexico.com\/wp-content\/uploads\/2022\/10\/15531000775766.jpg\" class=\"attachment-large size-large wp-post-image\" alt=\"\" srcset=\"https:\/\/medinaforwardingmexico.com\/wp-content\/uploads\/2022\/10\/15531000775766.jpg 990w, https:\/\/medinaforwardingmexico.com\/wp-content\/uploads\/2022\/10\/15531000775766-300x169.jpg 300w, https:\/\/medinaforwardingmexico.com\/wp-content\/uploads\/2022\/10\/15531000775766-768x433.jpg 768w\" sizes=\"(max-width: 990px) 100vw, 990px\" \/>\t\t\t<\/div>\n\t\t<\/div>\n        <div class=\"bm-blog-post-content bm_content_box\">\n            <h5 class=\"entry-post-title bm_title\"><a href=\"https:\/\/medinaforwardingmexico.com\/en_us\/2022\/10\/18\/el-vii-congreso-nautico-abre-las-puertas-a-una-nueva-nautica\/\" rel=\"bookmark\">EL VII CONGRESO N\u00c1UTICO ABRE LAS PUERTAS A UNA NUEVA N\u00c1UTICA<\/a><\/h5>            <div class=\"bm-blog-post-meta entry-post-meta bm_meta\">\n                <span class=\"posted-on\"><i class=\"fa fa-clock\" aria-hidden=\"true\"><\/i><a href=\"https:\/\/medinaforwardingmexico.com\/en_us\/2022\/10\/18\/el-vii-congreso-nautico-abre-las-puertas-a-una-nueva-nautica\/\" rel=\"bookmark\">18\/10\/2022<\/a><\/span>            <\/div>\n            <div class=\"entry-post-content bm_content\">\n                El impuesto de matriculaci\u00f3n ser\u00e1 objeto de una denuncia interpuesta por ANEN y AEGY ante la CELa n\u00e1utica <div><a href=\"https:\/\/medinaforwardingmexico.com\/en_us\/2022\/10\/18\/el-vii-congreso-nautico-abre-las-puertas-a-una-nueva-nautica\/\" rel=\"bookmark\" class=\"bm-read-more entry-read-more\">Leer m\u00e1s \u00bb<\/a><div>            <\/div>\n        <\/div>\n    <\/article>\n    <article id=\"post-2211\" class=\"item bm_layout post-2211 post type-post status-publish format-standard has-post-thumbnail hentry category-uncategorized\">\n\t\t<div class=\"bm-blog-post-image entry-post-image\">\n\t\t\t<div class=\"bm-post-image clearfix bm-hover-effect bm-hover-effect-opacity\">\n\t\t\t\t<img decoding=\"async\" width=\"960\" height=\"504\" src=\"https:\/\/medinaforwardingmexico.com\/wp-content\/uploads\/2022\/10\/Licitaciones-en-Guerrero-con-Bases-Completas-copia.jpg\" class=\"attachment-large size-large wp-post-image\" alt=\"\" srcset=\"https:\/\/medinaforwardingmexico.com\/wp-content\/uploads\/2022\/10\/Licitaciones-en-Guerrero-con-Bases-Completas-copia.jpg 960w, https:\/\/medinaforwardingmexico.com\/wp-content\/uploads\/2022\/10\/Licitaciones-en-Guerrero-con-Bases-Completas-copia-300x158.jpg 300w, https:\/\/medinaforwardingmexico.com\/wp-content\/uploads\/2022\/10\/Licitaciones-en-Guerrero-con-Bases-Completas-copia-768x403.jpg 768w\" sizes=\"(max-width: 960px) 100vw, 960px\" \/>\t\t\t<\/div>\n\t\t<\/div>\n        <div class=\"bm-blog-post-content bm_content_box\">\n            <h5 class=\"entry-post-title bm_title\"><a href=\"https:\/\/medinaforwardingmexico.com\/en_us\/2022\/10\/18\/9-licitaciones-en-guerrero-con-bases-completas\/\" rel=\"bookmark\">9 Licitaciones en Guerrero con Bases Completas<\/a><\/h5>            <div class=\"bm-blog-post-meta entry-post-meta bm_meta\">\n                <span class=\"posted-on\"><i class=\"fa fa-clock\" aria-hidden=\"true\"><\/i><a href=\"https:\/\/medinaforwardingmexico.com\/en_us\/2022\/10\/18\/9-licitaciones-en-guerrero-con-bases-completas\/\" rel=\"bookmark\">18\/10\/2022<\/a><\/span>            <\/div>\n            <div class=\"entry-post-content bm_content\">\n                En esta p\u00e1gina encontraras diversas licitaciones en Guerrero, todas las licitaciones tienen su convocatoria y\/o bases para descargarlas <div><a href=\"https:\/\/medinaforwardingmexico.com\/en_us\/2022\/10\/18\/9-licitaciones-en-guerrero-con-bases-completas\/\" rel=\"bookmark\" class=\"bm-read-more entry-read-more\">Leer m\u00e1s \u00bb<\/a><div>            <\/div>\n        <\/div>\n    <\/article>\n    <article id=\"post-2201\" class=\"item bm_layout post-2201 post type-post status-publish format-standard has-post-thumbnail hentry category-uncategorized\">\n\t\t<div class=\"bm-blog-post-image entry-post-image\">\n\t\t\t<div class=\"bm-post-image clearfix bm-hover-effect bm-hover-effect-opacity\">\n\t\t\t\t<img decoding=\"async\" width=\"660\" height=\"371\" src=\"https:\/\/medinaforwardingmexico.com\/wp-content\/uploads\/2022\/10\/15533356922115.jpg\" class=\"attachment-large size-large wp-post-image\" alt=\"\" srcset=\"https:\/\/medinaforwardingmexico.com\/wp-content\/uploads\/2022\/10\/15533356922115.jpg 660w, https:\/\/medinaforwardingmexico.com\/wp-content\/uploads\/2022\/10\/15533356922115-300x169.jpg 300w\" sizes=\"(max-width: 660px) 100vw, 660px\" \/>\t\t\t<\/div>\n\t\t<\/div>\n        <div class=\"bm-blog-post-content bm_content_box\">\n            <h5 class=\"entry-post-title bm_title\"><a href=\"https:\/\/medinaforwardingmexico.com\/en_us\/2022\/10\/18\/industria-niega-que-alcoa-este-fuera-de-la-proxima-subasta-de-interrumpibilidad\/\" rel=\"bookmark\">Industria niega que Alcoa est\u00e9 fuera de la pr\u00f3xima subasta de interrumpibilidad<\/a><\/h5>            <div class=\"bm-blog-post-meta entry-post-meta bm_meta\">\n                <span class=\"posted-on\"><i class=\"fa fa-clock\" aria-hidden=\"true\"><\/i><a href=\"https:\/\/medinaforwardingmexico.com\/en_us\/2022\/10\/18\/industria-niega-que-alcoa-este-fuera-de-la-proxima-subasta-de-interrumpibilidad\/\" rel=\"bookmark\">18\/10\/2022<\/a><\/span>            <\/div>\n            <div class=\"entry-post-content bm_content\">\n                El Ministerio de Industria, Comercio y Turismo desminti\u00f3 esta noche que Alcoa quede fuera de la pr\u00f3xima subasta <div><a href=\"https:\/\/medinaforwardingmexico.com\/en_us\/2022\/10\/18\/industria-niega-que-alcoa-este-fuera-de-la-proxima-subasta-de-interrumpibilidad\/\" rel=\"bookmark\" class=\"bm-read-more entry-read-more\">Leer m\u00e1s \u00bb<\/a><div>            <\/div>\n        <\/div>\n    <\/article>\n\t\t\t\t<\/div><\/div>\n\t\t\t\t\t\t\t<div class=\"bm-pagination pagination_style_1\">\n\t\t\t\t\t\t\t<\/div>\n\t\t\t\t\t\t<\/div>\n\t\t\t\t<\/div>\n\t\t\t\t\t<\/div>\n\t\t<\/div>\n\t\t\t\t\t<\/div>\n\t\t<\/section>\n\t\t\t\t<\/div>\n\t\t","protected":false},"excerpt":{"rendered":"<p>Blog Le damos una cordial bienvenida al BLOG de Medina Forwarding M\u00e9xico S.C. esperamos mantener actualizada la informaci\u00f3n que sea importante para usted y su empresa. Por favor si tiene alg\u00fan comentario o duda por favor cont\u00e1ctenos v\u00eda mal a: servicioalcliente@grupomedina.com.mx EL VII CONGRESO N\u00c1UTICO ABRE LAS PUERTAS A UNA NUEVA N\u00c1UTICA 18\/10\/2022 El impuesto [&hellip;]<\/p>\n","protected":false},"author":1,"featured_media":0,"parent":0,"menu_order":0,"comment_status":"closed","ping_status":"closed","template":"","meta":{"site-sidebar-layout":"no-sidebar","site-content-layout":"page-builder","ast-site-content-layout":"default","site-content-style":"default","site-sidebar-style":"default","ast-global-header-display":"","ast-banner-title-visibility":"","ast-main-header-display":"","ast-hfb-above-header-display":"","ast-hfb-below-header-display":"","ast-hfb-mobile-header-display":"","site-post-title":"disabled","ast-breadcrumbs-content":"disabled","ast-featured-img":"disabled","footer-sml-layout":"","theme-transparent-header-meta":"enabled","adv-header-id-meta":"","stick-header-meta":"","header-above-stick-meta":"","header-main-stick-meta":"","header-below-stick-meta":"","astra-migrate-meta-layouts":"default","ast-page-background-enabled":"default","ast-page-background-meta":{"desktop":{"background-color":"","background-image":"","background-repeat":"repeat","background-position":"center center","background-size":"auto","background-attachment":"scroll","background-type":"","background-media":"","overlay-type":"","overlay-color":"","overlay-opacity":"","overlay-gradient":""},"tablet":{"background-color":"","background-image":"","background-repeat":"repeat","background-position":"center center","background-size":"auto","background-attachment":"scroll","background-type":"","background-media":"","overlay-type":"","overlay-color":"","overlay-opacity":"","overlay-gradient":""},"mobile":{"background-color":"","background-image":"","background-repeat":"repeat","background-position":"center center","background-size":"auto","background-attachment":"scroll","background-type":"","background-media":"","overlay-type":"","overlay-color":"","overlay-opacity":"","overlay-gradient":""}},"ast-content-background-meta":{"desktop":{"background-color":"var(--ast-global-color-5)","background-image":"","background-repeat":"repeat","background-position":"center center","background-size":"auto","background-attachment":"scroll","background-type":"","background-media":"","overlay-type":"","overlay-color":"","overlay-opacity":"","overlay-gradient":""},"tablet":{"background-color":"var(--ast-global-color-5)","background-image":"","background-repeat":"repeat","background-position":"center center","background-size":"auto","background-attachment":"scroll","background-type":"","background-media":"","overlay-type":"","overlay-color":"","overlay-opacity":"","overlay-gradient":""},"mobile":{"background-color":"var(--ast-global-color-5)","background-image":"","background-repeat":"repeat","background-position":"center center","background-size":"auto","background-attachment":"scroll","background-type":"","background-media":"","overlay-type":"","overlay-color":"","overlay-opacity":"","overlay-gradient":""}},"footnotes":""},"class_list":["post-717","page","type-page","status-publish","hentry"],"aioseo_notices":[],"_links":{"self":[{"href":"https:\/\/medinaforwardingmexico.com\/en_us\/wp-json\/wp\/v2\/pages\/717","targetHints":{"allow":["GET"]}}],"collection":[{"href":"https:\/\/medinaforwardingmexico.com\/en_us\/wp-json\/wp\/v2\/pages"}],"about":[{"href":"https:\/\/medinaforwardingmexico.com\/en_us\/wp-json\/wp\/v2\/types\/page"}],"author":[{"embeddable":true,"href":"https:\/\/medinaforwardingmexico.com\/en_us\/wp-json\/wp\/v2\/users\/1"}],"replies":[{"embeddable":true,"href":"https:\/\/medinaforwardingmexico.com\/en_us\/wp-json\/wp\/v2\/comments?post=717"}],"version-history":[{"count":56,"href":"https:\/\/medinaforwardingmexico.com\/en_us\/wp-json\/wp\/v2\/pages\/717\/revisions"}],"predecessor-version":[{"id":2636,"href":"https:\/\/medinaforwardingmexico.com\/en_us\/wp-json\/wp\/v2\/pages\/717\/revisions\/2636"}],"wp:attachment":[{"href":"https:\/\/medinaforwardingmexico.com\/en_us\/wp-json\/wp\/v2\/media?parent=717"}],"curies":[{"name":"wp","href":"https:\/\/api.w.org\/{rel}","templated":true}]}}