{"id":719,"date":"2021-05-24T08:41:46","date_gmt":"2021-05-24T08:41:46","guid":{"rendered":"https:\/\/medinaforwardingmexico.com\/social-media\/"},"modified":"2022-10-27T22:21:24","modified_gmt":"2022-10-27T22:21:24","slug":"aviso","status":"publish","type":"page","link":"https:\/\/medinaforwardingmexico.com\/en_us\/aviso\/","title":{"rendered":"Pol\u00edticas de Privacidad"},"content":{"rendered":"<div data-elementor-type=\"wp-page\" data-elementor-id=\"719\" class=\"elementor elementor-719\" data-elementor-settings=\"{&quot;ha_cmc_init_switcher&quot;:&quot;no&quot;}\" data-elementor-post-type=\"page\">\n\t\t\t\t\t\t<section class=\"elementor-section elementor-top-section elementor-element elementor-element-9f3c9f5 elementor-section-boxed elementor-section-height-default elementor-section-height-default\" data-id=\"9f3c9f5\" data-element_type=\"section\" data-e-type=\"section\" data-settings=\"{&quot;background_background&quot;:&quot;slideshow&quot;,&quot;background_slideshow_slide_duration&quot;:8000,&quot;background_slideshow_transition_duration&quot;:2000,&quot;background_slideshow_ken_burns&quot;:&quot;yes&quot;,&quot;background_slideshow_gallery&quot;:[],&quot;background_slideshow_loop&quot;:&quot;yes&quot;,&quot;background_slideshow_slide_transition&quot;:&quot;fade&quot;,&quot;background_slideshow_ken_burns_zoom_direction&quot;:&quot;in&quot;}\">\n\t\t\t\t\t\t\t<div class=\"elementor-background-overlay\"><\/div>\n\t\t\t\t\t\t\t<div class=\"elementor-container elementor-column-gap-no\">\n\t\t\t\t\t<div class=\"elementor-column elementor-col-100 elementor-top-column elementor-element elementor-element-aad47ac\" data-id=\"aad47ac\" data-element_type=\"column\" data-e-type=\"column\">\n\t\t\t<div class=\"elementor-widget-wrap elementor-element-populated\">\n\t\t\t\t\t\t<div class=\"elementor-element elementor-element-37ca8a0 elementor-widget__width-initial elementor-widget elementor-widget-heading\" data-id=\"37ca8a0\" data-element_type=\"widget\" data-e-type=\"widget\" data-widget_type=\"heading.default\">\n\t\t\t\t<div class=\"elementor-widget-container\">\n\t\t\t\t\t<h2 class=\"elementor-heading-title elementor-size-default\">Privacy Notice<\/h2>\t\t\t\t<\/div>\n\t\t\t\t<\/div>\n\t\t\t\t\t<\/div>\n\t\t<\/div>\n\t\t\t\t\t<\/div>\n\t\t<\/section>\n\t\t\t\t<section class=\"elementor-section elementor-top-section elementor-element elementor-element-6e37329 elementor-section-boxed elementor-section-height-default elementor-section-height-default\" data-id=\"6e37329\" data-element_type=\"section\" data-e-type=\"section\">\n\t\t\t\t\t\t<div class=\"elementor-container elementor-column-gap-default\">\n\t\t\t\t\t<div class=\"elementor-column elementor-col-16 elementor-top-column elementor-element elementor-element-b9e2ac5\" data-id=\"b9e2ac5\" data-element_type=\"column\" data-e-type=\"column\">\n\t\t\t<div class=\"elementor-widget-wrap\">\n\t\t\t\t\t\t\t<\/div>\n\t\t<\/div>\n\t\t\t\t<div class=\"elementor-column elementor-col-66 elementor-top-column elementor-element elementor-element-2e5a67e\" data-id=\"2e5a67e\" data-element_type=\"column\" data-e-type=\"column\">\n\t\t\t<div class=\"elementor-widget-wrap elementor-element-populated\">\n\t\t\t\t\t\t<div class=\"elementor-element elementor-element-853944b elementor-widget elementor-widget-text-editor\" data-id=\"853944b\" data-element_type=\"widget\" data-e-type=\"widget\" data-widget_type=\"text-editor.default\">\n\t\t\t\t<div class=\"elementor-widget-container\">\n\t\t\t\t\t\t\t\t\t<p>Based on articles 15 and 16 of the Federal Law on Protection of Personal Data in Possession of Individuals we inform you that Medina Forwarding SC, with address at <b>Av. Real del Rio # 4 between Div. del Norte &amp; Av. las Palmas, Fracc. Las Palmas, Matamoros, Tamps. <\/b>is responsible for collecting your personal data, the use that is given to them and their protection.<\/p>\n<p><span style=\"font-style: inherit; font-weight: inherit; background-color: var(--ast-global-color-4);\">Your personal information will be used for the following purposes: <\/span><i style=\"font-weight: inherit; background-color: var(--ast-global-color-4);\">to provide the services and products you have requested; notify you of new services or products that are related to those already contracted or acquired; communicate about changes in them; develop studies and programs that are necessary to determine consumption habits; Perform periodic evaluations of our products and services in order to improve the quality of them, evaluate the quality of the service we provide, and in general, to comply with the obligations we have contracted with you.<\/i><\/p>\n<p><span style=\"font-style: inherit; font-weight: inherit; background-color: var(--ast-global-color-4);\">For the purposes mentioned above, we may obtain some of the following personal information:<\/span><\/p>\n<p><span style=\"font-style: inherit; background-color: var(--ast-global-color-4);\"><b>\u2022 Full name<br><\/b><\/span><b style=\"font-style: inherit; background-color: var(--ast-global-color-4);\">\u2022 Landline and \/ or cell phone<br><\/b><b style=\"font-style: inherit; background-color: var(--ast-global-color-4);\">\u2022 E-mail<br><\/b><b style=\"font-style: inherit; background-color: var(--ast-global-color-4);\">\u2022 ID of Facebook, Twitter and \/ or Linkedin<br><\/b><b style=\"font-style: inherit; background-color: var(--ast-global-color-4);\">\u2022 Address<\/b><\/p>\n<p><span style=\"font-style: inherit; background-color: var(--ast-global-color-4);\"><span style=\"font-weight: inherit;\">It is important to inform you that you have the right to access, rectification and cancellation of your personal data, to oppose the treatment of them or revoke the consent for this purpose has given us.<\/span><\/span><\/p>\n<p><span style=\"font-style: inherit; font-weight: inherit; background-color: var(--ast-global-color-4);\">For this, it is necessary that you send the request in the terms set out in the<\/span><b style=\"font-style: inherit; background-color: var(--ast-global-color-4);\"> in his Art. 29 to the Department of Protection of Personal Data, located at Av. Real del Rio # 4 between Div. Del Norte <\/b><span style=\"font-style: inherit; font-weight: inherit; background-color: var(--ast-global-color-4);\">and <\/span><b style=\"font-style: inherit; background-color: var(--ast-global-color-4);\">Av. las Palmas, Fracc. Las Palmas, Matamoros, Tamps,<\/b><span style=\"font-style: inherit; font-weight: inherit; background-color: var(--ast-global-color-4);\"> or alternatively, call <\/span><b style=\"font-style: inherit; background-color: var(--ast-global-color-4);\">phone (868) 812 4420<\/b><span style=\"font-style: inherit; font-weight: inherit; background-color: var(--ast-global-color-4);\">, <\/span><b style=\"font-style: inherit; background-color: var(--ast-global-color-4);\">or sending a mail to <u><a href=\"mailto: servicioalcliente@grupomedina.com.mx\">servicioalcliente@grupomedina.com.mx<\/a><\/u>, <\/b><span style=\"font-style: inherit; font-weight: inherit; background-color: var(--ast-global-color-4);\">which we ask you to confirm by phone to ensure correct reception. In case you do not want to receive promotional messages from us, you can send us your request through the electronic address:&nbsp;&nbsp;<\/span><a href=\"mailto:servicioalcliente@grupomedina.com.mx\"><u style=\"font-style: inherit; font-weight: bold; background-color: var(--ast-global-color-4);\">servicioalcliente@grupomedina.com.mx<\/u><\/a><\/p>\n<p class=\"translation-block\"><strong>MEDINA FORWARDING MEXICO S.C.<\/strong> Is a company committed to quality, therefore, we consider important to  inform you that you have the right to file complaint at <a href=\"mailto:atencion.clientes@occce.mx\" target=\"_self\">atencion.clientes@occce.mx<\/a>).<\/p>\n<p><u style=\"font-style: inherit; font-weight: inherit; background-color: var(--ast-global-color-4);\"><b>I<\/b><\/u><b style=\"font-style: inherit; background-color: var(--ast-global-color-4); text-decoration-line: underline;\">MPORTANT:<\/b><span style=\"font-style: inherit; font-weight: inherit; background-color: var(--ast-global-color-4);\"> Any modification to this <\/span><b style=\"font-style: inherit; background-color: var(--ast-global-color-4);\">Privacy Notice<\/b><span style=\"font-style: inherit; font-weight: inherit; background-color: var(--ast-global-color-4);\"> may be consulted at <\/span><b style=\"font-style: inherit; background-color: var(--ast-global-color-4);\"><a href=\"https:\/\/medinaforwardingmexico.com\/en_us\/aviso\/\">www.medinaforwardingmexico.com<\/a><\/b><\/p>\t\t\t\t\t\t\t\t<\/div>\n\t\t\t\t<\/div>\n\t\t\t\t\t<\/div>\n\t\t<\/div>\n\t\t\t\t<div class=\"elementor-column elementor-col-16 elementor-top-column elementor-element elementor-element-e2c27a0\" data-id=\"e2c27a0\" data-element_type=\"column\" data-e-type=\"column\">\n\t\t\t<div class=\"elementor-widget-wrap\">\n\t\t\t\t\t\t\t<\/div>\n\t\t<\/div>\n\t\t\t\t\t<\/div>\n\t\t<\/section>\n\t\t\t\t<\/div>","protected":false},"excerpt":{"rendered":"<p>Aviso de Privacidad Con fundamento en los art\u00edculos 15 y 16 de la Ley Federal de Protecci\u00f3n de Datos Personales en Posesi\u00f3n de Particulares hacemos de su conocimiento que Medina Forwarding S.C., con domicilio en Av. Real del Rio # 4 entre Div. del Norte y Av. las Palmas, Fracc. Las Palmas, Matamoros, Tamps. es [&hellip;]<\/p>\n","protected":false},"author":1,"featured_media":0,"parent":0,"menu_order":0,"comment_status":"closed","ping_status":"closed","template":"","meta":{"site-sidebar-layout":"no-sidebar","site-content-layout":"page-builder","ast-site-content-layout":"default","site-content-style":"default","site-sidebar-style":"default","ast-global-header-display":"","ast-banner-title-visibility":"","ast-main-header-display":"","ast-hfb-above-header-display":"","ast-hfb-below-header-display":"","ast-hfb-mobile-header-display":"","site-post-title":"disabled","ast-breadcrumbs-content":"disabled","ast-featured-img":"disabled","footer-sml-layout":"","theme-transparent-header-meta":"enabled","adv-header-id-meta":"","stick-header-meta":"","header-above-stick-meta":"","header-main-stick-meta":"","header-below-stick-meta":"","astra-migrate-meta-layouts":"default","ast-page-background-enabled":"default","ast-page-background-meta":{"desktop":{"background-color":"","background-image":"","background-repeat":"repeat","background-position":"center center","background-size":"auto","background-attachment":"scroll","background-type":"","background-media":"","overlay-type":"","overlay-color":"","overlay-opacity":"","overlay-gradient":""},"tablet":{"background-color":"","background-image":"","background-repeat":"repeat","background-position":"center center","background-size":"auto","background-attachment":"scroll","background-type":"","background-media":"","overlay-type":"","overlay-color":"","overlay-opacity":"","overlay-gradient":""},"mobile":{"background-color":"","background-image":"","background-repeat":"repeat","background-position":"center center","background-size":"auto","background-attachment":"scroll","background-type":"","background-media":"","overlay-type":"","overlay-color":"","overlay-opacity":"","overlay-gradient":""}},"ast-content-background-meta":{"desktop":{"background-color":"var(--ast-global-color-5)","background-image":"","background-repeat":"repeat","background-position":"center center","background-size":"auto","background-attachment":"scroll","background-type":"","background-media":"","overlay-type":"","overlay-color":"","overlay-opacity":"","overlay-gradient":""},"tablet":{"background-color":"var(--ast-global-color-5)","background-image":"","background-repeat":"repeat","background-position":"center center","background-size":"auto","background-attachment":"scroll","background-type":"","background-media":"","overlay-type":"","overlay-color":"","overlay-opacity":"","overlay-gradient":""},"mobile":{"background-color":"var(--ast-global-color-5)","background-image":"","background-repeat":"repeat","background-position":"center center","background-size":"auto","background-attachment":"scroll","background-type":"","background-media":"","overlay-type":"","overlay-color":"","overlay-opacity":"","overlay-gradient":""}},"footnotes":""},"class_list":["post-719","page","type-page","status-publish","hentry"],"aioseo_notices":[],"_links":{"self":[{"href":"https:\/\/medinaforwardingmexico.com\/en_us\/wp-json\/wp\/v2\/pages\/719","targetHints":{"allow":["GET"]}}],"collection":[{"href":"https:\/\/medinaforwardingmexico.com\/en_us\/wp-json\/wp\/v2\/pages"}],"about":[{"href":"https:\/\/medinaforwardingmexico.com\/en_us\/wp-json\/wp\/v2\/types\/page"}],"author":[{"embeddable":true,"href":"https:\/\/medinaforwardingmexico.com\/en_us\/wp-json\/wp\/v2\/users\/1"}],"replies":[{"embeddable":true,"href":"https:\/\/medinaforwardingmexico.com\/en_us\/wp-json\/wp\/v2\/comments?post=719"}],"version-history":[{"count":46,"href":"https:\/\/medinaforwardingmexico.com\/en_us\/wp-json\/wp\/v2\/pages\/719\/revisions"}],"predecessor-version":[{"id":2645,"href":"https:\/\/medinaforwardingmexico.com\/en_us\/wp-json\/wp\/v2\/pages\/719\/revisions\/2645"}],"wp:attachment":[{"href":"https:\/\/medinaforwardingmexico.com\/en_us\/wp-json\/wp\/v2\/media?parent=719"}],"curies":[{"name":"wp","href":"https:\/\/api.w.org\/{rel}","templated":true}]}}