{"id":2715,"date":"2024-07-11T02:26:30","date_gmt":"2024-07-11T02:26:30","guid":{"rendered":"https:\/\/medinaforwardingmexico.com\/?page_id=2715"},"modified":"2026-02-05T23:30:15","modified_gmt":"2026-02-05T23:30:15","slug":"vacantes","status":"publish","type":"page","link":"https:\/\/medinaforwardingmexico.com\/es_mx\/vacantes\/","title":{"rendered":"vacantes"},"content":{"rendered":"\t\t<div data-elementor-type=\"wp-page\" data-elementor-id=\"2715\" class=\"elementor elementor-2715\" data-elementor-settings=\"{&quot;ha_cmc_init_switcher&quot;:&quot;no&quot;}\" data-elementor-post-type=\"page\">\n\t\t\t\t\t\t<section class=\"elementor-section elementor-top-section elementor-element elementor-element-f58a55b elementor-section-boxed elementor-section-height-default elementor-section-height-default\" data-id=\"f58a55b\" data-element_type=\"section\" data-e-type=\"section\" data-settings=\"{&quot;background_background&quot;:&quot;slideshow&quot;,&quot;background_slideshow_gallery&quot;:[{&quot;id&quot;:2767,&quot;url&quot;:&quot;https:\\\/\\\/medinaforwardingmexico.com\\\/wp-content\\\/uploads\\\/2024\\\/07\\\/colleagues-giving-fist-bump-e1636017632155.jpg&quot;},{&quot;id&quot;:2768,&quot;url&quot;:&quot;https:\\\/\\\/medinaforwardingmexico.com\\\/wp-content\\\/uploads\\\/2024\\\/07\\\/Conceptos-basicos-del-area-de-Recursos-Humanos-Veritas-Prime.jpg&quot;},{&quot;id&quot;:2769,&quot;url&quot;:&quot;https:\\\/\\\/medinaforwardingmexico.com\\\/wp-content\\\/uploads\\\/2024\\\/07\\\/recursos_humanos_capital_humano-1-scaled.webp&quot;}],&quot;background_slideshow_slide_duration&quot;:8000,&quot;background_slideshow_transition_duration&quot;:2000,&quot;background_slideshow_ken_burns&quot;:&quot;yes&quot;,&quot;background_slideshow_loop&quot;:&quot;yes&quot;,&quot;background_slideshow_slide_transition&quot;:&quot;fade&quot;,&quot;background_slideshow_ken_burns_zoom_direction&quot;:&quot;in&quot;}\">\n\t\t\t\t\t\t\t<div class=\"elementor-background-overlay\"><\/div>\n\t\t\t\t\t\t\t<div class=\"elementor-container elementor-column-gap-no\">\n\t\t\t\t\t<div class=\"elementor-column elementor-col-100 elementor-top-column elementor-element elementor-element-ebdbf70\" data-id=\"ebdbf70\" data-element_type=\"column\" data-e-type=\"column\">\n\t\t\t<div class=\"elementor-widget-wrap elementor-element-populated\">\n\t\t\t\t\t\t<div class=\"elementor-element elementor-element-37e5d25 elementor-widget elementor-widget-heading\" data-id=\"37e5d25\" data-element_type=\"widget\" data-e-type=\"widget\" data-widget_type=\"heading.default\">\n\t\t\t\t<div class=\"elementor-widget-container\">\n\t\t\t\t\t<h2 class=\"elementor-heading-title elementor-size-default\">Vacantes<\/h2>\t\t\t\t<\/div>\n\t\t\t\t<\/div>\n\t\t\t\t<div class=\"elementor-element elementor-element-6a076d6 elementor-widget elementor-widget-heading\" data-id=\"6a076d6\" data-element_type=\"widget\" data-e-type=\"widget\" data-widget_type=\"heading.default\">\n\t\t\t\t<div class=\"elementor-widget-container\">\n\t\t\t\t\t<div class=\"elementor-heading-title elementor-size-default\"><a href=\"mailto:%20servicioalcliente@grupomedina.com.mx\">En esta secci\u00f3n podr\u00e1s encontrar todas las ofertas de empleo que tenemos en MEDINA FORWARDING M\u00c9XICO. \u00a1Es momento que te unas a nuestro gran equipo de trabajo!<\/a><\/div>\t\t\t\t<\/div>\n\t\t\t\t<\/div>\n\t\t\t\t\t<\/div>\n\t\t<\/div>\n\t\t\t\t\t<\/div>\n\t\t<\/section>\n\t\t\t\t<section class=\"elementor-section elementor-top-section elementor-element elementor-element-5075db6 elementor-section-boxed elementor-section-height-default elementor-section-height-default\" data-id=\"5075db6\" data-element_type=\"section\" data-e-type=\"section\" data-settings=\"{&quot;background_background&quot;:&quot;classic&quot;}\">\n\t\t\t\t\t\t<div class=\"elementor-container elementor-column-gap-default\">\n\t\t\t\t\t<div class=\"elementor-column elementor-col-50 elementor-top-column elementor-element elementor-element-cf523a5\" data-id=\"cf523a5\" data-element_type=\"column\" data-e-type=\"column\">\n\t\t\t<div class=\"elementor-widget-wrap elementor-element-populated\">\n\t\t\t\t\t\t<div class=\"elementor-element elementor-element-aa36016 elementor-widget elementor-widget-image\" data-id=\"aa36016\" data-element_type=\"widget\" data-e-type=\"widget\" data-widget_type=\"image.default\">\n\t\t\t\t<div class=\"elementor-widget-container\">\n\t\t\t\t\t\t\t\t\t\t\t\t\t\t\t<img fetchpriority=\"high\" decoding=\"async\" width=\"806\" height=\"1024\" src=\"https:\/\/medinaforwardingmexico.com\/wp-content\/uploads\/2025\/10\/WhatsApp-Image-2025-10-16-at-11.13.06-AM-806x1024.jpeg\" class=\"attachment-large size-large wp-image-2842\" alt=\"\" srcset=\"https:\/\/medinaforwardingmexico.com\/wp-content\/uploads\/2025\/10\/WhatsApp-Image-2025-10-16-at-11.13.06-AM-806x1024.jpeg 806w, https:\/\/medinaforwardingmexico.com\/wp-content\/uploads\/2025\/10\/WhatsApp-Image-2025-10-16-at-11.13.06-AM-236x300.jpeg 236w, https:\/\/medinaforwardingmexico.com\/wp-content\/uploads\/2025\/10\/WhatsApp-Image-2025-10-16-at-11.13.06-AM-768x975.jpeg 768w, https:\/\/medinaforwardingmexico.com\/wp-content\/uploads\/2025\/10\/WhatsApp-Image-2025-10-16-at-11.13.06-AM-9x12.jpeg 9w, https:\/\/medinaforwardingmexico.com\/wp-content\/uploads\/2025\/10\/WhatsApp-Image-2025-10-16-at-11.13.06-AM.jpeg 1008w\" sizes=\"(max-width: 806px) 100vw, 806px\" \/>\t\t\t\t\t\t\t\t\t\t\t\t\t\t\t<\/div>\n\t\t\t\t<\/div>\n\t\t\t\t<div class=\"elementor-element elementor-element-447abd1 elementor-widget elementor-widget-image\" data-id=\"447abd1\" data-element_type=\"widget\" data-e-type=\"widget\" data-widget_type=\"image.default\">\n\t\t\t\t<div class=\"elementor-widget-container\">\n\t\t\t\t\t\t\t\t\t\t\t\t\t\t\t<img decoding=\"async\" width=\"806\" height=\"1024\" src=\"https:\/\/medinaforwardingmexico.com\/wp-content\/uploads\/2025\/10\/WhatsApp-Image-2025-10-16-at-11.13.05-AM-806x1024.jpeg\" class=\"attachment-large size-large wp-image-2841\" alt=\"\" srcset=\"https:\/\/medinaforwardingmexico.com\/wp-content\/uploads\/2025\/10\/WhatsApp-Image-2025-10-16-at-11.13.05-AM-806x1024.jpeg 806w, https:\/\/medinaforwardingmexico.com\/wp-content\/uploads\/2025\/10\/WhatsApp-Image-2025-10-16-at-11.13.05-AM-236x300.jpeg 236w, https:\/\/medinaforwardingmexico.com\/wp-content\/uploads\/2025\/10\/WhatsApp-Image-2025-10-16-at-11.13.05-AM-768x975.jpeg 768w, https:\/\/medinaforwardingmexico.com\/wp-content\/uploads\/2025\/10\/WhatsApp-Image-2025-10-16-at-11.13.05-AM-9x12.jpeg 9w, https:\/\/medinaforwardingmexico.com\/wp-content\/uploads\/2025\/10\/WhatsApp-Image-2025-10-16-at-11.13.05-AM.jpeg 1008w\" sizes=\"(max-width: 806px) 100vw, 806px\" \/>\t\t\t\t\t\t\t\t\t\t\t\t\t\t\t<\/div>\n\t\t\t\t<\/div>\n\t\t\t\t<div class=\"elementor-element elementor-element-a6383b5 elementor-widget elementor-widget-image\" data-id=\"a6383b5\" data-element_type=\"widget\" data-e-type=\"widget\" data-widget_type=\"image.default\">\n\t\t\t\t<div class=\"elementor-widget-container\">\n\t\t\t\t\t\t\t\t\t\t\t\t\t\t\t<img decoding=\"async\" width=\"806\" height=\"1024\" src=\"https:\/\/medinaforwardingmexico.com\/wp-content\/uploads\/2025\/10\/WhatsApp-Image-2025-10-16-at-11.13.04-AM-806x1024.jpeg\" class=\"attachment-large size-large wp-image-2840\" alt=\"\" srcset=\"https:\/\/medinaforwardingmexico.com\/wp-content\/uploads\/2025\/10\/WhatsApp-Image-2025-10-16-at-11.13.04-AM-806x1024.jpeg 806w, https:\/\/medinaforwardingmexico.com\/wp-content\/uploads\/2025\/10\/WhatsApp-Image-2025-10-16-at-11.13.04-AM-236x300.jpeg 236w, https:\/\/medinaforwardingmexico.com\/wp-content\/uploads\/2025\/10\/WhatsApp-Image-2025-10-16-at-11.13.04-AM-768x975.jpeg 768w, https:\/\/medinaforwardingmexico.com\/wp-content\/uploads\/2025\/10\/WhatsApp-Image-2025-10-16-at-11.13.04-AM-9x12.jpeg 9w, https:\/\/medinaforwardingmexico.com\/wp-content\/uploads\/2025\/10\/WhatsApp-Image-2025-10-16-at-11.13.04-AM.jpeg 1008w\" sizes=\"(max-width: 806px) 100vw, 806px\" \/>\t\t\t\t\t\t\t\t\t\t\t\t\t\t\t<\/div>\n\t\t\t\t<\/div>\n\t\t\t\t<div class=\"elementor-element elementor-element-6f204f3 elementor-widget elementor-widget-image\" data-id=\"6f204f3\" data-element_type=\"widget\" data-e-type=\"widget\" data-widget_type=\"image.default\">\n\t\t\t\t<div class=\"elementor-widget-container\">\n\t\t\t\t\t\t\t\t\t\t\t\t\t\t\t<img loading=\"lazy\" decoding=\"async\" width=\"682\" height=\"1024\" src=\"https:\/\/medinaforwardingmexico.com\/wp-content\/uploads\/2026\/02\/WhatsApp-Image-2026-01-23-at-11.42.34-1-682x1024.jpeg\" class=\"attachment-large size-large wp-image-2861\" alt=\"\" srcset=\"https:\/\/medinaforwardingmexico.com\/wp-content\/uploads\/2026\/02\/WhatsApp-Image-2026-01-23-at-11.42.34-1-682x1024.jpeg 682w, https:\/\/medinaforwardingmexico.com\/wp-content\/uploads\/2026\/02\/WhatsApp-Image-2026-01-23-at-11.42.34-1-200x300.jpeg 200w, https:\/\/medinaforwardingmexico.com\/wp-content\/uploads\/2026\/02\/WhatsApp-Image-2026-01-23-at-11.42.34-1-768x1152.jpeg 768w, https:\/\/medinaforwardingmexico.com\/wp-content\/uploads\/2026\/02\/WhatsApp-Image-2026-01-23-at-11.42.34-1-8x12.jpeg 8w, https:\/\/medinaforwardingmexico.com\/wp-content\/uploads\/2026\/02\/WhatsApp-Image-2026-01-23-at-11.42.34-1.jpeg 853w\" sizes=\"(max-width: 682px) 100vw, 682px\" \/>\t\t\t\t\t\t\t\t\t\t\t\t\t\t\t<\/div>\n\t\t\t\t<\/div>\n\t\t\t\t<div class=\"elementor-element elementor-element-1f04643 elementor-widget elementor-widget-image\" data-id=\"1f04643\" data-element_type=\"widget\" data-e-type=\"widget\" data-widget_type=\"image.default\">\n\t\t\t\t<div class=\"elementor-widget-container\">\n\t\t\t\t\t\t\t\t\t\t\t\t\t\t\t<img loading=\"lazy\" decoding=\"async\" width=\"806\" height=\"1024\" src=\"https:\/\/medinaforwardingmexico.com\/wp-content\/uploads\/2026\/02\/WhatsApp-Image-2026-01-23-at-11.42.33-1-806x1024.jpeg\" class=\"attachment-large size-large wp-image-2862\" alt=\"\" srcset=\"https:\/\/medinaforwardingmexico.com\/wp-content\/uploads\/2026\/02\/WhatsApp-Image-2026-01-23-at-11.42.33-1-806x1024.jpeg 806w, https:\/\/medinaforwardingmexico.com\/wp-content\/uploads\/2026\/02\/WhatsApp-Image-2026-01-23-at-11.42.33-1-236x300.jpeg 236w, https:\/\/medinaforwardingmexico.com\/wp-content\/uploads\/2026\/02\/WhatsApp-Image-2026-01-23-at-11.42.33-1-768x975.jpeg 768w, https:\/\/medinaforwardingmexico.com\/wp-content\/uploads\/2026\/02\/WhatsApp-Image-2026-01-23-at-11.42.33-1-9x12.jpeg 9w, https:\/\/medinaforwardingmexico.com\/wp-content\/uploads\/2026\/02\/WhatsApp-Image-2026-01-23-at-11.42.33-1.jpeg 1008w\" sizes=\"(max-width: 806px) 100vw, 806px\" \/>\t\t\t\t\t\t\t\t\t\t\t\t\t\t\t<\/div>\n\t\t\t\t<\/div>\n\t\t\t\t\t<\/div>\n\t\t<\/div>\n\t\t\t\t<div class=\"elementor-column elementor-col-50 elementor-top-column elementor-element elementor-element-8c8b004\" data-id=\"8c8b004\" data-element_type=\"column\" data-e-type=\"column\">\n\t\t\t<div class=\"elementor-widget-wrap elementor-element-populated\">\n\t\t\t\t\t\t<div class=\"elementor-element elementor-element-bade378 elementor-widget elementor-widget-wpforms\" data-id=\"bade378\" data-element_type=\"widget\" data-e-type=\"widget\" data-widget_type=\"wpforms.default\">\n\t\t\t\t<div class=\"elementor-widget-container\">\n\t\t\t\t\t<div class=\"wpforms-container \" id=\"wpforms-2741\"><form id=\"wpforms-form-2741\" class=\"wpforms-validate wpforms-form wpforms-ajax-form\" data-formid=\"2741\" method=\"post\" enctype=\"multipart\/form-data\" action=\"\/es_mx\/wp-json\/wp\/v2\/pages\/2715?wpforms_form_id=2741\" data-token=\"a3fe72b5619f3b4e1305d1575a2a76c8\"><noscript class=\"wpforms-error-noscript\">Por favor, activa JavaScript en tu navegador para completar este formulario.<\/noscript><div class=\"wpforms-field-container\"><div id=\"wpforms-2741-field_0-container\" class=\"wpforms-field wpforms-field-name\" data-field-id=\"0\"><label class=\"wpforms-field-label\" for=\"wpforms-2741-field_0\">Nombre Completo <span class=\"wpforms-required-label\">*<\/span><\/label><div class=\"wpforms-field-row wpforms-field-large\"><div class=\"wpforms-field-row-block wpforms-first wpforms-one-half\"><input type=\"text\" id=\"wpforms-2741-field_0\" class=\"wpforms-field-name-first wpforms-field-required\" name=\"wpforms[fields][0][first]\" required><label for=\"wpforms-2741-field_0\" class=\"wpforms-field-sublabel after \">Nombre<\/label><\/div><div class=\"wpforms-field-row-block wpforms-one-half\"><input type=\"text\" id=\"wpforms-2741-field_0-last\" class=\"wpforms-field-name-last wpforms-field-required\" name=\"wpforms[fields][0][last]\" required><label for=\"wpforms-2741-field_0-last\" class=\"wpforms-field-sublabel after \">Apellidos<\/label><\/div><\/div><\/div><div id=\"wpforms-2741-field_4-container\" class=\"wpforms-field wpforms-field-layout\" data-field-id=\"4\"><label class=\"wpforms-field-label wpforms-label-hide\" for=\"wpforms-2741-field_4\">Layout<\/label><div class=\"wpforms-field-layout-columns wpforms-field-layout-preset-50-50\"><div class=\"wpforms-layout-column wpforms-layout-column-50\"><div id=\"wpforms-2741-field_1-container\" class=\"wpforms-field wpforms-field-email\" data-field-id=\"1\"><label class=\"wpforms-field-label\" for=\"wpforms-2741-field_1\">Email <span class=\"wpforms-required-label\">*<\/span><\/label><input type=\"email\" id=\"wpforms-2741-field_1\" class=\"wpforms-field-medium wpforms-field-required\" name=\"wpforms[fields][1]\" spellcheck=\"false\" required><\/div><\/div><div class=\"wpforms-layout-column wpforms-layout-column-50\"><div id=\"wpforms-2741-field_5-container\" class=\"wpforms-field wpforms-field-phone\" data-field-id=\"5\"><label class=\"wpforms-field-label\" for=\"wpforms-2741-field_5\">Tel\u00e9fono<\/label><input type=\"tel\" id=\"wpforms-2741-field_5\" class=\"wpforms-field-medium wpforms-smart-phone-field\" data-rule-smart-phone-field=\"true\" name=\"wpforms[fields][5]\" ><\/div><\/div><\/div><\/div><div id=\"wpforms-2741-field_7-container\" class=\"wpforms-field wpforms-field-layout\" data-field-id=\"7\"><label class=\"wpforms-field-label wpforms-label-hide\" for=\"wpforms-2741-field_7\">Layout<\/label><div class=\"wpforms-field-layout-columns wpforms-field-layout-preset-50-50\"><div class=\"wpforms-layout-column wpforms-layout-column-50\"><div id=\"wpforms-2741-field_6-container\" class=\"wpforms-field wpforms-field-text\" data-field-id=\"6\"><label class=\"wpforms-field-label\" for=\"wpforms-2741-field_6\">Puesto o Vacante Solciitado <span class=\"wpforms-required-label\">*<\/span><\/label><input type=\"text\" id=\"wpforms-2741-field_6\" class=\"wpforms-field-medium wpforms-field-required\" name=\"wpforms[fields][6]\" required><\/div><div id=\"wpforms-2741-field_12-container\" class=\"wpforms-field wpforms-field-text\" data-field-id=\"12\"><label class=\"wpforms-field-label\" for=\"wpforms-2741-field_12\">Rango de Salario Esperado <span class=\"wpforms-required-label\">*<\/span><\/label><input type=\"text\" id=\"wpforms-2741-field_12\" class=\"wpforms-field-medium wpforms-field-required\" name=\"wpforms[fields][12]\" required><\/div><\/div><div class=\"wpforms-layout-column wpforms-layout-column-50\"><div id=\"wpforms-2741-field_11-container\" class=\"wpforms-field wpforms-field-date-time\" data-field-id=\"11\"><label class=\"wpforms-field-label\" for=\"wpforms-2741-field_11\">Fecha de Posible Inicio <span class=\"wpforms-required-label\">*<\/span><\/label><div class=\"wpforms-datepicker-wrap\"><input type=\"text\" id=\"wpforms-2741-field_11\" class=\"wpforms-field-date-time-date wpforms-datepicker wpforms-field-required wpforms-field-medium\" data-date-format=\"m\/d\/Y\" data-disable-past-dates=\"0\" data-input=\"true\" name=\"wpforms[fields][11][date]\" required><a title=\"Clear Date\" data-clear class=\"wpforms-datepicker-clear\" style=\"display:none;\"><\/a><\/div><\/div><\/div><\/div><\/div><div id=\"wpforms-2741-field_36-container\" class=\"wpforms-field wpforms-field-file-upload\" data-field-id=\"36\"><label class=\"wpforms-field-label\" for=\"wpforms-2741-field_36\">Carga tu CV  <span class=\"wpforms-required-label\">*<\/span><\/label><div\n\t\tclass=\"wpforms-uploader\"\n\t\tdata-field-id=\"36\"\n\t\tdata-form-id=\"2741\"\n\t\tdata-input-name=\"wpforms_2741_36\"\n\t\tdata-extensions=\"doc,docx,pdf,jpg,png\"\n\t\tdata-max-size=\"3145728\"\n\t\tdata-max-file-number=\"1\"\n\t\tdata-post-max-size=\"536870912\"\n\t\tdata-max-parallel-uploads=\"4\"\n\t\tdata-parallel-uploads=\"true\"\n\t\tdata-file-chunk-size=\"2097152\">\n\t<div class=\"dz-message\">\n\t\t<svg viewBox=\"0 0 1024 1024\" focusable=\"false\" data-icon=\"inbox\" width=\"50px\" height=\"50px\" fill=\"currentColor\" aria-hidden=\"true\">\n\t\t\t<path d=\"M885.2 446.3l-.2-.8-112.2-285.1c-5-16.1-19.9-27.2-36.8-27.2H281.2c-17 0-32.1 11.3-36.9 27.6L139.4 443l-.3.7-.2.8c-1.3 4.9-1.7 9.9-1 14.8-.1 1.6-.2 3.2-.2 4.8V830a60.9 60.9 0 0 0 60.8 60.8h627.2c33.5 0 60.8-27.3 60.9-60.8V464.1c0-1.3 0-2.6-.1-3.7.4-4.9 0-9.6-1.3-14.1zm-295.8-43l-.3 15.7c-.8 44.9-31.8 75.1-77.1 75.1-22.1 0-41.1-7.1-54.8-20.6S436 441.2 435.6 419l-.3-15.7H229.5L309 210h399.2l81.7 193.3H589.4zm-375 76.8h157.3c24.3 57.1 76 90.8 140.4 90.8 33.7 0 65-9.4 90.3-27.2 22.2-15.6 39.5-37.4 50.7-63.6h156.5V814H214.4V480.1z\"><\/path>\n\t\t<\/svg>\n\t\t<span class=\"modern-title\">Click or drag a file to this area to upload.<\/span>\n\n\t\t\t<\/div>\n<\/div>\n<input\n\t\ttype=\"text\"\n\t\tautocomplete=\"off\"\n\t\tclass=\"dropzone-input\"\n\t\tstyle=\"position:absolute!important;clip:rect(0,0,0,0)!important;height:1px!important;width:1px!important;border:0!important;overflow:hidden!important;padding:0!important;margin:0!important;\"\n\t\tid=\"wpforms-2741-field_36\"\n\t\tname=\"wpforms_2741_36\" required\t\tvalue=\"\">\n<div class=\"wpforms-field-description\">Carga tu Curr\u00edculum Vitae en los formatos requeridos sin exceder el m\u00e1ximo de 3MB.<\/div><\/div><div id=\"wpforms-2741-field_2-container\" class=\"wpforms-field wpforms-field-textarea\" data-field-id=\"2\"><label class=\"wpforms-field-label\" for=\"wpforms-2741-field_2\">Comentarios Adicionales<\/label><textarea id=\"wpforms-2741-field_2\" class=\"wpforms-field-medium\" name=\"wpforms[fields][2]\" ><\/textarea><\/div><\/div><!-- .wpforms-field-container --><div class=\"wpforms-submit-container\" ><input type=\"hidden\" name=\"wpforms[id]\" value=\"2741\"><input type=\"hidden\" name=\"wpforms[author]\" value=\"1\"><button type=\"submit\" name=\"wpforms[submit]\" id=\"wpforms-submit-2741\" class=\"wpforms-submit\" data-alt-text=\"Enviando...\" data-submit-text=\"Enviar\" aria-live=\"assertive\" value=\"wpforms-submit\">Enviar<\/button><img loading=\"lazy\" decoding=\"async\" src=\"https:\/\/medinaforwardingmexico.com\/wp-content\/plugins\/wpforms\/assets\/images\/submit-spin.svg\" class=\"wpforms-submit-spinner\" style=\"display: none;\" width=\"26\" height=\"26\" alt=\"Cargando\"><\/div><\/form><\/div>  <!-- .wpforms-container -->\t\t\t\t<\/div>\n\t\t\t\t<\/div>\n\t\t\t\t\t<\/div>\n\t\t<\/div>\n\t\t\t\t\t<\/div>\n\t\t<\/section>\n\t\t\t\t<section class=\"elementor-section elementor-top-section elementor-element elementor-element-d043d7a elementor-section-boxed elementor-section-height-default elementor-section-height-default\" data-id=\"d043d7a\" data-element_type=\"section\" data-e-type=\"section\" data-settings=\"{&quot;background_background&quot;:&quot;classic&quot;}\">\n\t\t\t\t\t\t\t<div class=\"elementor-background-overlay\"><\/div>\n\t\t\t\t\t\t\t<div class=\"elementor-container elementor-column-gap-no\">\n\t\t\t\t\t<div class=\"elementor-column elementor-col-100 elementor-top-column elementor-element elementor-element-47315be\" data-id=\"47315be\" data-element_type=\"column\" data-e-type=\"column\">\n\t\t\t<div class=\"elementor-widget-wrap elementor-element-populated\">\n\t\t\t\t\t\t<div class=\"elementor-element elementor-element-ea477e7 elementor-widget elementor-widget-text-editor\" data-id=\"ea477e7\" data-element_type=\"widget\" data-e-type=\"widget\" data-widget_type=\"text-editor.default\">\n\t\t\t\t<div class=\"elementor-widget-container\">\n\t\t\t\t\t\t\t\t\t<h5><span style=\"color: #ffffff;\"><strong>Llena el formulario o envia tu CV directamente a:<\/strong><\/span><\/h5><h5 class=\"p1\"><a href=\"mailto:acarballo@grupomedina.com.mx\"><span style=\"color: #ffffff;\">acarballo@grupomedina.com.mx<\/span><\/a><\/h5><h5 class=\"p1\"><a href=\"mailto:gdominguez@grupomedina.com.mx\"><span style=\"color: #ffffff;\">gdominguez@grupomedina.com.mx<\/span><\/a><\/h5><h5 class=\"p1\"><span style=\"color: #ffffff;\">O a los tel\u00e9fonos con WhatsApp<\/span><br \/><span style=\"color: #ffffff;\">(229)958-6510 | (229)264-4512<\/span><\/h5>\t\t\t\t\t\t\t\t<\/div>\n\t\t\t\t<\/div>\n\t\t\t\t\t<\/div>\n\t\t<\/div>\n\t\t\t\t\t<\/div>\n\t\t<\/section>\n\t\t\t\t<\/div>\n\t\t","protected":false},"excerpt":{"rendered":"<p>Vacantes En esta secci\u00f3n podr\u00e1s encontrar todas las ofertas de empleo que tenemos en MEDINA FORWARDING M\u00c9XICO. \u00a1Es momento que te unas a nuestro gran equipo de trabajo! Llena el formulario o envia tu CV directamente a: acarballo@grupomedina.com.mx gdominguez@grupomedina.com.mx O a los tel\u00e9fonos con WhatsApp(229)958-6510 | (229)264-4512<\/p>\n","protected":false},"author":1,"featured_media":0,"parent":0,"menu_order":0,"comment_status":"closed","ping_status":"closed","template":"","meta":{"site-sidebar-layout":"no-sidebar","site-content-layout":"page-builder","ast-site-content-layout":"full-width-container","site-content-style":"unboxed","site-sidebar-style":"unboxed","ast-global-header-display":"","ast-banner-title-visibility":"","ast-main-header-display":"","ast-hfb-above-header-display":"","ast-hfb-below-header-display":"","ast-hfb-mobile-header-display":"","site-post-title":"disabled","ast-breadcrumbs-content":"disabled","ast-featured-img":"disabled","footer-sml-layout":"","theme-transparent-header-meta":"enabled","adv-header-id-meta":"","stick-header-meta":"","header-above-stick-meta":"","header-main-stick-meta":"","header-below-stick-meta":"","astra-migrate-meta-layouts":"set","ast-page-background-enabled":"default","ast-page-background-meta":{"desktop":{"background-color":"","background-image":"","background-repeat":"repeat","background-position":"center center","background-size":"auto","background-attachment":"scroll","background-type":"","background-media":"","overlay-type":"","overlay-color":"","overlay-opacity":"","overlay-gradient":""},"tablet":{"background-color":"","background-image":"","background-repeat":"repeat","background-position":"center center","background-size":"auto","background-attachment":"scroll","background-type":"","background-media":"","overlay-type":"","overlay-color":"","overlay-opacity":"","overlay-gradient":""},"mobile":{"background-color":"","background-image":"","background-repeat":"repeat","background-position":"center center","background-size":"auto","background-attachment":"scroll","background-type":"","background-media":"","overlay-type":"","overlay-color":"","overlay-opacity":"","overlay-gradient":""}},"ast-content-background-meta":{"desktop":{"background-color":"var(--ast-global-color-5)","background-image":"","background-repeat":"repeat","background-position":"center center","background-size":"auto","background-attachment":"scroll","background-type":"","background-media":"","overlay-type":"","overlay-color":"","overlay-opacity":"","overlay-gradient":""},"tablet":{"background-color":"var(--ast-global-color-5)","background-image":"","background-repeat":"repeat","background-position":"center center","background-size":"auto","background-attachment":"scroll","background-type":"","background-media":"","overlay-type":"","overlay-color":"","overlay-opacity":"","overlay-gradient":""},"mobile":{"background-color":"var(--ast-global-color-5)","background-image":"","background-repeat":"repeat","background-position":"center center","background-size":"auto","background-attachment":"scroll","background-type":"","background-media":"","overlay-type":"","overlay-color":"","overlay-opacity":"","overlay-gradient":""}},"footnotes":""},"class_list":["post-2715","page","type-page","status-publish","hentry"],"aioseo_notices":[],"_links":{"self":[{"href":"https:\/\/medinaforwardingmexico.com\/es_mx\/wp-json\/wp\/v2\/pages\/2715","targetHints":{"allow":["GET"]}}],"collection":[{"href":"https:\/\/medinaforwardingmexico.com\/es_mx\/wp-json\/wp\/v2\/pages"}],"about":[{"href":"https:\/\/medinaforwardingmexico.com\/es_mx\/wp-json\/wp\/v2\/types\/page"}],"author":[{"embeddable":true,"href":"https:\/\/medinaforwardingmexico.com\/es_mx\/wp-json\/wp\/v2\/users\/1"}],"replies":[{"embeddable":true,"href":"https:\/\/medinaforwardingmexico.com\/es_mx\/wp-json\/wp\/v2\/comments?post=2715"}],"version-history":[{"count":65,"href":"https:\/\/medinaforwardingmexico.com\/es_mx\/wp-json\/wp\/v2\/pages\/2715\/revisions"}],"predecessor-version":[{"id":2865,"href":"https:\/\/medinaforwardingmexico.com\/es_mx\/wp-json\/wp\/v2\/pages\/2715\/revisions\/2865"}],"wp:attachment":[{"href":"https:\/\/medinaforwardingmexico.com\/es_mx\/wp-json\/wp\/v2\/media?parent=2715"}],"curies":[{"name":"wp","href":"https:\/\/api.w.org\/{rel}","templated":true}]}}