{"id":719,"date":"2021-05-24T08:41:46","date_gmt":"2021-05-24T08:41:46","guid":{"rendered":"https:\/\/medinaforwardingmexico.com\/social-media\/"},"modified":"2022-10-27T22:21:24","modified_gmt":"2022-10-27T22:21:24","slug":"aviso","status":"publish","type":"page","link":"https:\/\/medinaforwardingmexico.com\/es_mx\/aviso\/","title":{"rendered":"Pol\u00edticas de Privacidad"},"content":{"rendered":"\t\t<div data-elementor-type=\"wp-page\" data-elementor-id=\"719\" class=\"elementor elementor-719\" data-elementor-settings=\"{&quot;ha_cmc_init_switcher&quot;:&quot;no&quot;}\" data-elementor-post-type=\"page\">\n\t\t\t\t\t\t<section class=\"elementor-section elementor-top-section elementor-element elementor-element-9f3c9f5 elementor-section-boxed elementor-section-height-default elementor-section-height-default\" data-id=\"9f3c9f5\" data-element_type=\"section\" data-e-type=\"section\" data-settings=\"{&quot;background_background&quot;:&quot;slideshow&quot;,&quot;background_slideshow_slide_duration&quot;:8000,&quot;background_slideshow_transition_duration&quot;:2000,&quot;background_slideshow_ken_burns&quot;:&quot;yes&quot;,&quot;background_slideshow_gallery&quot;:[],&quot;background_slideshow_loop&quot;:&quot;yes&quot;,&quot;background_slideshow_slide_transition&quot;:&quot;fade&quot;,&quot;background_slideshow_ken_burns_zoom_direction&quot;:&quot;in&quot;}\">\n\t\t\t\t\t\t\t<div class=\"elementor-background-overlay\"><\/div>\n\t\t\t\t\t\t\t<div class=\"elementor-container elementor-column-gap-no\">\n\t\t\t\t\t<div class=\"elementor-column elementor-col-100 elementor-top-column elementor-element elementor-element-aad47ac\" data-id=\"aad47ac\" data-element_type=\"column\" data-e-type=\"column\">\n\t\t\t<div class=\"elementor-widget-wrap elementor-element-populated\">\n\t\t\t\t\t\t<div class=\"elementor-element elementor-element-37ca8a0 elementor-widget__width-initial elementor-widget elementor-widget-heading\" data-id=\"37ca8a0\" data-element_type=\"widget\" data-e-type=\"widget\" data-widget_type=\"heading.default\">\n\t\t\t\t<div class=\"elementor-widget-container\">\n\t\t\t\t\t<h2 class=\"elementor-heading-title elementor-size-default\">Aviso de Privacidad<\/h2>\t\t\t\t<\/div>\n\t\t\t\t<\/div>\n\t\t\t\t\t<\/div>\n\t\t<\/div>\n\t\t\t\t\t<\/div>\n\t\t<\/section>\n\t\t\t\t<section class=\"elementor-section elementor-top-section elementor-element elementor-element-6e37329 elementor-section-boxed elementor-section-height-default elementor-section-height-default\" data-id=\"6e37329\" data-element_type=\"section\" data-e-type=\"section\">\n\t\t\t\t\t\t<div class=\"elementor-container elementor-column-gap-default\">\n\t\t\t\t\t<div class=\"elementor-column elementor-col-16 elementor-top-column elementor-element elementor-element-b9e2ac5\" data-id=\"b9e2ac5\" data-element_type=\"column\" data-e-type=\"column\">\n\t\t\t<div class=\"elementor-widget-wrap\">\n\t\t\t\t\t\t\t<\/div>\n\t\t<\/div>\n\t\t\t\t<div class=\"elementor-column elementor-col-66 elementor-top-column elementor-element elementor-element-2e5a67e\" data-id=\"2e5a67e\" data-element_type=\"column\" data-e-type=\"column\">\n\t\t\t<div class=\"elementor-widget-wrap elementor-element-populated\">\n\t\t\t\t\t\t<div class=\"elementor-element elementor-element-853944b elementor-widget elementor-widget-text-editor\" data-id=\"853944b\" data-element_type=\"widget\" data-e-type=\"widget\" data-widget_type=\"text-editor.default\">\n\t\t\t\t<div class=\"elementor-widget-container\">\n\t\t\t\t\t\t\t\t\t<p>Con fundamento en los art\u00edculos 15 y 16 de la Ley Federal de Protecci\u00f3n de Datos Personales en Posesi\u00f3n de Particulares hacemos de su conocimiento que Medina Forwarding S.C., con domicilio en <b>Av. Real del Rio # 4 entre Div. del Norte y Av. las Palmas, Fracc. Las Palmas, Matamoros, Tamps. <\/b>es responsable de recabar sus datos personales, del uso que se le d\u00e9 a los mismos y de su protecci\u00f3n.<\/p>\n<p><span style=\"font-style: inherit; font-weight: inherit; background-color: var(--ast-global-color-4);\">Su informaci\u00f3n personal ser\u00e1 utilizada para las siguientes finalidades: <\/span><i style=\"font-weight: inherit; background-color: var(--ast-global-color-4);\">proveer los servicios y productos que ha solicitado; notificarle sobre nuevos servicios o productos que tengan relaci\u00f3n con los ya contratados o adquiridos; comunicarle sobre cambios en los mismos; elaborar estudios y programas que son necesarios para determinar h\u00e1bitos de consumo; realizar evaluaciones peri\u00f3dicas de nuestros productos y servicios a efecto de mejorar la calidad de los mismos, evaluar la calidad del servicio que brindamos, y en general, para dar cumplimiento a las obligaciones que hemos contra\u00eddo con usted.<\/i><\/p>\n<p><span style=\"font-style: inherit; font-weight: inherit; background-color: var(--ast-global-color-4);\">Para las finalidades antes mencionadas, podr\u00edamos obtener algunos los siguientes datos personales:<\/span><\/p>\n<p><span style=\"font-style: inherit; background-color: var(--ast-global-color-4);\"><b>\u2022 Nombre completo<br><\/b><\/span><b style=\"font-style: inherit; background-color: var(--ast-global-color-4);\">\u2022 Tel\u00e9fono fijo y\/o celular<br><\/b><b style=\"font-style: inherit; background-color: var(--ast-global-color-4);\">\u2022 Correo electr\u00f3nico<br><\/b><b style=\"font-style: inherit; background-color: var(--ast-global-color-4);\">\u2022 ID de Facebook, Twitter y\/o Linkedin<br><\/b><b style=\"font-style: inherit; background-color: var(--ast-global-color-4);\">\u2022 Direcci\u00f3n<\/b><\/p>\n<p><span style=\"font-style: inherit; background-color: var(--ast-global-color-4);\"><span style=\"font-weight: inherit;\">Es importante informarle que usted tiene derecho al Acceso, Rectificaci\u00f3n y Cancelaci\u00f3n de sus datos personales, a Oponerse al tratamiento de los mismos o a revocar el consentimiento que para dicho fin nos haya otorgado.<\/span><\/span><\/p>\n<p><span style=\"font-style: inherit; font-weight: inherit; background-color: var(--ast-global-color-4);\">Para ello, es necesario que env\u00ede la solicitud en los t\u00e9rminos que marca la<\/span><b style=\"font-style: inherit; background-color: var(--ast-global-color-4);\"> Ley en su Art. 29 al Departamento de Protecci\u00f3n de Datos Personales, ubicado en Av. Real del Rio # 4 entre Div. del Norte <\/b><span style=\"font-style: inherit; font-weight: inherit; background-color: var(--ast-global-color-4);\">y <\/span><b style=\"font-style: inherit; background-color: var(--ast-global-color-4);\">Av. las Palmas, Fracc. Las Palmas, Matamoros, Tamps,<\/b><span style=\"font-style: inherit; font-weight: inherit; background-color: var(--ast-global-color-4);\"> o bien, se comunique al <\/span><b style=\"font-style: inherit; background-color: var(--ast-global-color-4);\">tel\u00e9fono (868) 812 4420<\/b><span style=\"font-style: inherit; font-weight: inherit; background-color: var(--ast-global-color-4);\">, <\/span><b style=\"font-style: inherit; background-color: var(--ast-global-color-4);\">812 4599 o v\u00eda correo electr\u00f3nico a <u><a href=\"mailto: servicioalcliente@grupomedina.com.mx\">servicioalcliente@grupomedina.com.mx<\/a><\/u>, <\/b><span style=\"font-style: inherit; font-weight: inherit; background-color: var(--ast-global-color-4);\">el cual solicitamos confirme v\u00eda telef\u00f3nica para garantizar su correcta recepci\u00f3n. En caso de que no desee de recibir mensajes promocionales de nuestra parte puede enviarnos su solicitud por medio de la direcci\u00f3n electr\u00f3nica:&nbsp;&nbsp;<\/span><a href=\"mailto:servicioalcliente@grupomedina.com.mx\"><u style=\"font-style: inherit; font-weight: bold; background-color: var(--ast-global-color-4);\">servicioalcliente@grupomedina.com.mx<\/u><\/a><\/p>\n<p><strong>MEDINA FORWARDING MEXICO S.C.<\/strong> es una empresa comprometida con la calidad, por lo tanto consideramos importante hacer de su conocimiento que, usted tiene el derecho de notificar sobre quejas a nuestro organismo certificador (<a href=\"mailto:atenci\u00f3n.clientes@occce.mx\">atencion.clientes@occce.mx<\/a>), que certifica nuestro sistema de gesti\u00f3n de calidad.<\/p>\n<p><u style=\"font-style: inherit; font-weight: inherit; background-color: var(--ast-global-color-4);\"><b>I<\/b><\/u><b style=\"font-style: inherit; background-color: var(--ast-global-color-4); text-decoration-line: underline;\">MPORTANTE:<\/b><span style=\"font-style: inherit; font-weight: inherit; background-color: var(--ast-global-color-4);\"> Cualquier modificaci\u00f3n a este <\/span><b style=\"font-style: inherit; background-color: var(--ast-global-color-4);\">Aviso de Privacidad<\/b><span style=\"font-style: inherit; font-weight: inherit; background-color: var(--ast-global-color-4);\"> podr\u00e1 consultarlo en <\/span><b style=\"font-style: inherit; background-color: var(--ast-global-color-4);\"><a href=\"http:\/\/www.medinaforwardingmexico.com\/aviso\">www.medinaforwardingmexico.com<\/a><\/b><\/p>\t\t\t\t\t\t\t\t<\/div>\n\t\t\t\t<\/div>\n\t\t\t\t\t<\/div>\n\t\t<\/div>\n\t\t\t\t<div class=\"elementor-column elementor-col-16 elementor-top-column elementor-element elementor-element-e2c27a0\" data-id=\"e2c27a0\" data-element_type=\"column\" data-e-type=\"column\">\n\t\t\t<div class=\"elementor-widget-wrap\">\n\t\t\t\t\t\t\t<\/div>\n\t\t<\/div>\n\t\t\t\t\t<\/div>\n\t\t<\/section>\n\t\t\t\t<\/div>\n\t\t","protected":false},"excerpt":{"rendered":"<p>Aviso de Privacidad Con fundamento en los art\u00edculos 15 y 16 de la Ley Federal de Protecci\u00f3n de Datos Personales en Posesi\u00f3n de Particulares hacemos de su conocimiento que Medina Forwarding S.C., con domicilio en Av. Real del Rio # 4 entre Div. del Norte y Av. las Palmas, Fracc. Las Palmas, Matamoros, Tamps. es [&hellip;]<\/p>\n","protected":false},"author":1,"featured_media":0,"parent":0,"menu_order":0,"comment_status":"closed","ping_status":"closed","template":"","meta":{"site-sidebar-layout":"no-sidebar","site-content-layout":"page-builder","ast-site-content-layout":"default","site-content-style":"default","site-sidebar-style":"default","ast-global-header-display":"","ast-banner-title-visibility":"","ast-main-header-display":"","ast-hfb-above-header-display":"","ast-hfb-below-header-display":"","ast-hfb-mobile-header-display":"","site-post-title":"disabled","ast-breadcrumbs-content":"disabled","ast-featured-img":"disabled","footer-sml-layout":"","theme-transparent-header-meta":"enabled","adv-header-id-meta":"","stick-header-meta":"","header-above-stick-meta":"","header-main-stick-meta":"","header-below-stick-meta":"","astra-migrate-meta-layouts":"default","ast-page-background-enabled":"default","ast-page-background-meta":{"desktop":{"background-color":"","background-image":"","background-repeat":"repeat","background-position":"center center","background-size":"auto","background-attachment":"scroll","background-type":"","background-media":"","overlay-type":"","overlay-color":"","overlay-opacity":"","overlay-gradient":""},"tablet":{"background-color":"","background-image":"","background-repeat":"repeat","background-position":"center center","background-size":"auto","background-attachment":"scroll","background-type":"","background-media":"","overlay-type":"","overlay-color":"","overlay-opacity":"","overlay-gradient":""},"mobile":{"background-color":"","background-image":"","background-repeat":"repeat","background-position":"center center","background-size":"auto","background-attachment":"scroll","background-type":"","background-media":"","overlay-type":"","overlay-color":"","overlay-opacity":"","overlay-gradient":""}},"ast-content-background-meta":{"desktop":{"background-color":"var(--ast-global-color-5)","background-image":"","background-repeat":"repeat","background-position":"center center","background-size":"auto","background-attachment":"scroll","background-type":"","background-media":"","overlay-type":"","overlay-color":"","overlay-opacity":"","overlay-gradient":""},"tablet":{"background-color":"var(--ast-global-color-5)","background-image":"","background-repeat":"repeat","background-position":"center center","background-size":"auto","background-attachment":"scroll","background-type":"","background-media":"","overlay-type":"","overlay-color":"","overlay-opacity":"","overlay-gradient":""},"mobile":{"background-color":"var(--ast-global-color-5)","background-image":"","background-repeat":"repeat","background-position":"center center","background-size":"auto","background-attachment":"scroll","background-type":"","background-media":"","overlay-type":"","overlay-color":"","overlay-opacity":"","overlay-gradient":""}},"footnotes":""},"class_list":["post-719","page","type-page","status-publish","hentry"],"aioseo_notices":[],"_links":{"self":[{"href":"https:\/\/medinaforwardingmexico.com\/es_mx\/wp-json\/wp\/v2\/pages\/719","targetHints":{"allow":["GET"]}}],"collection":[{"href":"https:\/\/medinaforwardingmexico.com\/es_mx\/wp-json\/wp\/v2\/pages"}],"about":[{"href":"https:\/\/medinaforwardingmexico.com\/es_mx\/wp-json\/wp\/v2\/types\/page"}],"author":[{"embeddable":true,"href":"https:\/\/medinaforwardingmexico.com\/es_mx\/wp-json\/wp\/v2\/users\/1"}],"replies":[{"embeddable":true,"href":"https:\/\/medinaforwardingmexico.com\/es_mx\/wp-json\/wp\/v2\/comments?post=719"}],"version-history":[{"count":46,"href":"https:\/\/medinaforwardingmexico.com\/es_mx\/wp-json\/wp\/v2\/pages\/719\/revisions"}],"predecessor-version":[{"id":2645,"href":"https:\/\/medinaforwardingmexico.com\/es_mx\/wp-json\/wp\/v2\/pages\/719\/revisions\/2645"}],"wp:attachment":[{"href":"https:\/\/medinaforwardingmexico.com\/es_mx\/wp-json\/wp\/v2\/media?parent=719"}],"curies":[{"name":"wp","href":"https:\/\/api.w.org\/{rel}","templated":true}]}}